{"id":31626,"date":"2019-07-01T10:10:37","date_gmt":"2019-07-01T10:10:37","guid":{"rendered":"http:\/\/macarons2.productionsite.fr\/?page_id=31626"},"modified":"2025-05-05T05:35:08","modified_gmt":"2025-05-05T05:35:08","slug":"who-we-are","status":"publish","type":"page","link":"https:\/\/www.macarons-recrutement.com\/en\/who-we-are\/","title":{"rendered":"Who We Are"},"content":{"rendered":"\t\t<div data-elementor-type=\"wp-post\" data-elementor-id=\"31626\" class=\"elementor elementor-31626\">\n\t\t\t\t\t\t<div class=\"elementor-inner\">\n\t\t\t\t<div class=\"elementor-section-wrap\">\n\t\t\t\t\t\t\t\t\t<section class=\"elementor-section elementor-top-section elementor-element elementor-element-34160d2 elementor-section-boxed elementor-section-height-default elementor-section-height-default\" data-id=\"34160d2\" data-element_type=\"section\">\n\t\t\t\t\t\t<div class=\"elementor-container elementor-column-gap-default\">\n\t\t\t\t\t\t\t<div class=\"elementor-row\">\n\t\t\t\t\t<div class=\"elementor-column elementor-col-50 elementor-top-column elementor-element elementor-element-c6e85bf\" data-id=\"c6e85bf\" data-element_type=\"column\">\n\t\t\t<div class=\"elementor-column-wrap elementor-element-populated\">\n\t\t\t\t\t\t\t<div class=\"elementor-widget-wrap\">\n\t\t\t\t\t\t<div class=\"elementor-element elementor-element-25d6564 elementor-widget elementor-widget-text-editor\" data-id=\"25d6564\" data-element_type=\"widget\" data-widget_type=\"text-editor.default\">\n\t\t\t\t<div class=\"elementor-widget-container\">\n\t\t\t\t\t\t\t\t<div class=\"elementor-text-editor elementor-clearfix\">\n\t\t\t\t<p style=\"\"><span style=\"font-weight: 400;\">For over fifteen years, <\/span><b>Macarons Recrutement<\/b> has been supporting the most demanding hospitality and fine dining establishments in their recruitment needs. We are an independent firm, exclusively dedicated to high-end hotels and restaurants, with recognized expertise in key roles in the kitchen, dining room, and management.<\/p>\n<p style=\"\"><span style=\"font-weight: 400;\">Our founder, <\/span><b>Alexandre de Roany<\/b>, is a graduate of the \u00c9cole H\u00f4teli\u00e8re de Lausanne and has managed numerous international establishments and hospitality groups before creating Macarons Recrutement. His dual background\u2014entrepreneurial and operational, both in France and abroad\u2014forms the foundation of our legitimacy and fuels our high standards.<\/p>\n<h2>What Sets Us Apart<\/h2>\n<p style=\"font-weight: 400;\">We don\u2019t make standardized promises, nor do we resell databases. Every recruitment is handled as a unique mission, directly aligned with your challenges, your company culture, and your specific expectations.<\/p>\n<p style=\"font-weight: 400;\"><strong>Our work is built on three pillars:<\/strong><\/p>\n<ul>\n<li style=\"font-weight: 400;\">A deep understanding of your needs, based on thorough and open dialogue<\/li>\n<li style=\"font-weight: 400;\">A rigorous candidate evaluation process (interviews, reference checks, psychometric testing)<\/li>\n<li style=\"font-weight: 400;\">Personalized support throughout the recruitment and integration process<\/li>\n<\/ul>\t\t\t\t\t<\/div>\n\t\t\t\t\t\t<\/div>\n\t\t\t\t<\/div>\n\t\t\t\t\t\t<\/div>\n\t\t\t\t\t<\/div>\n\t\t<\/div>\n\t\t\t\t<div class=\"elementor-column elementor-col-50 elementor-top-column elementor-element elementor-element-5efde8a\" data-id=\"5efde8a\" data-element_type=\"column\">\n\t\t\t<div class=\"elementor-column-wrap elementor-element-populated\">\n\t\t\t\t\t\t\t<div class=\"elementor-widget-wrap\">\n\t\t\t\t\t\t<div class=\"elementor-element elementor-element-6024ca3 elementor-widget elementor-widget-image\" data-id=\"6024ca3\" data-element_type=\"widget\" data-widget_type=\"image.default\">\n\t\t\t\t<div class=\"elementor-widget-container\">\n\t\t\t\t\t\t\t\t<div class=\"elementor-image\">\n\t\t\t\t\t\t\t\t\t\t\t\t<img loading=\"lazy\" decoding=\"async\" width=\"500\" height=\"500\" src=\"https:\/\/www.macarons-recrutement.com\/wp-content\/uploads\/2019\/06\/Alex-1-1.jpg\" class=\"attachment-large size-large wp-image-31260\" alt=\"\" srcset=\"https:\/\/www.macarons-recrutement.com\/wp-content\/uploads\/2019\/06\/Alex-1-1.jpg 500w, https:\/\/www.macarons-recrutement.com\/wp-content\/uploads\/2019\/06\/Alex-1-1-150x150.jpg 150w, https:\/\/www.macarons-recrutement.com\/wp-content\/uploads\/2019\/06\/Alex-1-1-300x300.jpg 300w, https:\/\/www.macarons-recrutement.com\/wp-content\/uploads\/2019\/06\/Alex-1-1-256x256.jpg 256w\" sizes=\"(max-width: 500px) 100vw, 500px\" \/>\t\t\t\t\t\t\t\t\t\t\t\t\t\t<\/div>\n\t\t\t\t\t\t<\/div>\n\t\t\t\t<\/div>\n\t\t\t\t<div class=\"elementor-element elementor-element-695bcef elementor-invisible elementor-widget elementor-widget-heading\" data-id=\"695bcef\" data-element_type=\"widget\" data-settings=\"{&quot;_animation&quot;:&quot;fadeInDown&quot;}\" data-widget_type=\"heading.default\">\n\t\t\t\t<div class=\"elementor-widget-container\">\n\t\t\t<h3 class=\"elementor-heading-title elementor-size-default\">Alexandre de Roany<\/h3>\t\t<\/div>\n\t\t\t\t<\/div>\n\t\t\t\t<div class=\"elementor-element elementor-element-f6c815b elementor-widget elementor-widget-text-editor\" data-id=\"f6c815b\" data-element_type=\"widget\" data-widget_type=\"text-editor.default\">\n\t\t\t\t<div class=\"elementor-widget-container\">\n\t\t\t\t\t\t\t\t<div class=\"elementor-text-editor elementor-clearfix\">\n\t\t\t\t<p>Director\/Consultant<\/p>\t\t\t\t\t<\/div>\n\t\t\t\t\t\t<\/div>\n\t\t\t\t<\/div>\n\t\t\t\t\t\t<\/div>\n\t\t\t\t\t<\/div>\n\t\t<\/div>\n\t\t\t\t\t\t\t\t<\/div>\n\t\t\t\t\t<\/div>\n\t\t<\/section>\n\t\t\t\t<section class=\"elementor-section elementor-top-section elementor-element elementor-element-34ee4ed elementor-section-boxed elementor-section-height-default elementor-section-height-default\" data-id=\"34ee4ed\" data-element_type=\"section\">\n\t\t\t\t\t\t<div class=\"elementor-container elementor-column-gap-default\">\n\t\t\t\t\t\t\t<div class=\"elementor-row\">\n\t\t\t\t\t<div class=\"elementor-column elementor-col-100 elementor-top-column elementor-element elementor-element-693c21d\" data-id=\"693c21d\" data-element_type=\"column\">\n\t\t\t<div class=\"elementor-column-wrap elementor-element-populated\">\n\t\t\t\t\t\t\t<div class=\"elementor-widget-wrap\">\n\t\t\t\t\t\t<div class=\"elementor-element elementor-element-cacde36 elementor-widget elementor-widget-text-editor\" data-id=\"cacde36\" data-element_type=\"widget\" data-widget_type=\"text-editor.default\">\n\t\t\t\t<div class=\"elementor-widget-container\">\n\t\t\t\t\t\t\t\t<div class=\"elementor-text-editor elementor-clearfix\">\n\t\t\t\t<h2>A Crafted Approach, Modern Tools.<\/h2><p style=\"font-weight: 400;\">We work with precision, never relying on excessive automation. People are at the heart of what we do, even as we make smart use of the best technology available.<\/p><p style=\"font-weight: 400;\">Our database of over 50,000 candidates is updated daily, but every application is reviewed manually. Each client has a dedicated point of contact\u2014engaged, available, and discreet.<\/p><h2>A Relationship Built on Trust.<\/h2><p style=\"font-weight: 400;\">We do not advertise, and we never cold call. Our clients come to us through word-of-mouth. And they come back because we deliver honest, thoughtful, and tailored solutions that respect their tempo, their standards, and their values.<\/p><h2>A Total Guarantee.<\/h2><p style=\"font-weight: 400;\">Despite every precaution, sometimes a placement doesn\u2019t work out. That\u2019s why we systematically and promptly replace any candidate hired through us, free of charge, as part of our guarantee.<\/p>\t\t\t\t\t<\/div>\n\t\t\t\t\t\t<\/div>\n\t\t\t\t<\/div>\n\t\t\t\t\t\t<\/div>\n\t\t\t\t\t<\/div>\n\t\t<\/div>\n\t\t\t\t\t\t\t\t<\/div>\n\t\t\t\t\t<\/div>\n\t\t<\/section>\n\t\t\t\t\t\t\t\t\t<\/div>\n\t\t\t<\/div>\n\t\t\t\t\t<\/div>\n\t\t","protected":false},"excerpt":{"rendered":"<p>For over fifteen years, Macarons Recrutement has been supporting the&#8230;<\/p>\n","protected":false},"author":5,"featured_media":0,"parent":0,"menu_order":0,"comment_status":"closed","ping_status":"closed","template":"","meta":{"_exactmetrics_skip_tracking":false,"_exactmetrics_sitenote_active":false,"_exactmetrics_sitenote_note":"","_exactmetrics_sitenote_category":0,"footnotes":""},"class_list":["post-31626","page","type-page","status-publish"],"yoast_head":"<!-- This site is optimized with the Yoast SEO plugin v24.9 - https:\/\/yoast.com\/wordpress\/plugins\/seo\/ -->\n<title>Our Story - Macarons Recruitment<\/title>\n<meta name=\"description\" content=\"Learn about the story behind Macarons Recruitment, a specialized agency in hospitality and restaurant recruitment.\" \/>\n<meta name=\"robots\" content=\"index, follow, max-snippet:-1, max-image-preview:large, max-video-preview:-1\" \/>\n<link rel=\"canonical\" href=\"https:\/\/www.macarons-recrutement.com\/en\/who-we-are\/\" \/>\n<meta property=\"og:locale\" content=\"en_GB\" \/>\n<meta property=\"og:locale:alternate\" content=\"fr_FR\" \/>\n<meta property=\"og:type\" content=\"article\" \/>\n<meta property=\"og:title\" content=\"Our Story - Macarons Recruitment\" \/>\n<meta property=\"og:description\" content=\"Learn about the story behind Macarons Recruitment, a specialized agency in hospitality and restaurant recruitment.\" \/>\n<meta property=\"og:url\" content=\"https:\/\/www.macarons-recrutement.com\/en\/who-we-are\/\" \/>\n<meta property=\"og:site_name\" content=\"Macarons Recrutement\" \/>\n<meta property=\"article:publisher\" content=\"https:\/\/www.facebook.com\/MacaronsRecrutement\/\" \/>\n<meta property=\"article:modified_time\" content=\"2025-05-05T05:35:08+00:00\" \/>\n<meta property=\"og:image\" content=\"https:\/\/www.macarons-recrutement.com\/wp-content\/uploads\/2019\/06\/Alex-1-1.jpg\" \/>\n\t<meta property=\"og:image:width\" content=\"500\" \/>\n\t<meta property=\"og:image:height\" content=\"500\" \/>\n\t<meta property=\"og:image:type\" content=\"image\/jpeg\" \/>\n<meta name=\"twitter:card\" content=\"summary_large_image\" \/>\n<meta name=\"twitter:label1\" content=\"Estimated reading time\" \/>\n\t<meta name=\"twitter:data1\" content=\"2 minutes\" \/>\n<script type=\"application\/ld+json\" class=\"yoast-schema-graph\">{\"@context\":\"https:\/\/schema.org\",\"@graph\":[{\"@type\":\"WebPage\",\"@id\":\"https:\/\/www.macarons-recrutement.com\/en\/who-we-are\/\",\"url\":\"https:\/\/www.macarons-recrutement.com\/en\/who-we-are\/\",\"name\":\"Our Story - Macarons Recruitment\",\"isPartOf\":{\"@id\":\"https:\/\/www.macarons-recrutement.com\/#website\"},\"primaryImageOfPage\":{\"@id\":\"https:\/\/www.macarons-recrutement.com\/en\/who-we-are\/#primaryimage\"},\"image\":{\"@id\":\"https:\/\/www.macarons-recrutement.com\/en\/who-we-are\/#primaryimage\"},\"thumbnailUrl\":\"https:\/\/www.macarons-recrutement.com\/wp-content\/uploads\/2019\/06\/Alex-1-1.jpg\",\"datePublished\":\"2019-07-01T10:10:37+00:00\",\"dateModified\":\"2025-05-05T05:35:08+00:00\",\"description\":\"Learn about the story behind Macarons Recruitment, a specialized agency in hospitality and restaurant recruitment.\",\"breadcrumb\":{\"@id\":\"https:\/\/www.macarons-recrutement.com\/en\/who-we-are\/#breadcrumb\"},\"inLanguage\":\"en-GB\",\"potentialAction\":[{\"@type\":\"ReadAction\",\"target\":[\"https:\/\/www.macarons-recrutement.com\/en\/who-we-are\/\"]}]},{\"@type\":\"ImageObject\",\"inLanguage\":\"en-GB\",\"@id\":\"https:\/\/www.macarons-recrutement.com\/en\/who-we-are\/#primaryimage\",\"url\":\"https:\/\/www.macarons-recrutement.com\/wp-content\/uploads\/2019\/06\/Alex-1-1.jpg\",\"contentUrl\":\"https:\/\/www.macarons-recrutement.com\/wp-content\/uploads\/2019\/06\/Alex-1-1.jpg\"},{\"@type\":\"BreadcrumbList\",\"@id\":\"https:\/\/www.macarons-recrutement.com\/en\/who-we-are\/#breadcrumb\",\"itemListElement\":[{\"@type\":\"ListItem\",\"position\":1,\"name\":\"Accueil\",\"item\":\"https:\/\/www.macarons-recrutement.com\/\"},{\"@type\":\"ListItem\",\"position\":2,\"name\":\"Who We Are\"}]},{\"@type\":\"WebSite\",\"@id\":\"https:\/\/www.macarons-recrutement.com\/#website\",\"url\":\"https:\/\/www.macarons-recrutement.com\/\",\"name\":\"Macarons Recrutement H\u00f4tels & Restaurants\",\"description\":\"For hoteliers by hoteliers\",\"publisher\":{\"@id\":\"https:\/\/www.macarons-recrutement.com\/#organization\"},\"alternateName\":\"Macarons Recrutement H\u00f4tels & Restaurants\",\"potentialAction\":[{\"@type\":\"SearchAction\",\"target\":{\"@type\":\"EntryPoint\",\"urlTemplate\":\"https:\/\/www.macarons-recrutement.com\/?s={search_term_string}\"},\"query-input\":{\"@type\":\"PropertyValueSpecification\",\"valueRequired\":true,\"valueName\":\"search_term_string\"}}],\"inLanguage\":\"en-GB\"},{\"@type\":\"Organization\",\"@id\":\"https:\/\/www.macarons-recrutement.com\/#organization\",\"name\":\"Macarons Recrutement H\u00f4tels & Restaurants\",\"alternateName\":\"Macarons Recrutement H\u00f4tels & Restaurants\",\"url\":\"https:\/\/www.macarons-recrutement.com\/\",\"logo\":{\"@type\":\"ImageObject\",\"inLanguage\":\"en-GB\",\"@id\":\"https:\/\/www.macarons-recrutement.com\/#\/schema\/logo\/image\/\",\"url\":\"https:\/\/www.macarons-recrutement.com\/wp-content\/uploads\/2019\/06\/logo-MACARON-recruitment-hospitality-industry.jpg\",\"contentUrl\":\"https:\/\/www.macarons-recrutement.com\/wp-content\/uploads\/2019\/06\/logo-MACARON-recruitment-hospitality-industry.jpg\",\"width\":700,\"height\":329,\"caption\":\"Macarons Recrutement H\u00f4tels & Restaurants\"},\"image\":{\"@id\":\"https:\/\/www.macarons-recrutement.com\/#\/schema\/logo\/image\/\"},\"sameAs\":[\"https:\/\/www.facebook.com\/MacaronsRecrutement\/\",\"https:\/\/www.instagram.com\/macaronsrecrutement\/?hl=fr\",\"https:\/\/www.linkedin.com\/company\/macarons-hotels-restaurants-global-experts\/\"]}]}<\/script>\n<!-- \/ Yoast SEO plugin. -->","yoast_head_json":{"title":"Our Story - Macarons Recruitment","description":"Learn about the story behind Macarons Recruitment, a specialized agency in hospitality and restaurant recruitment.","robots":{"index":"index","follow":"follow","max-snippet":"max-snippet:-1","max-image-preview":"max-image-preview:large","max-video-preview":"max-video-preview:-1"},"canonical":"https:\/\/www.macarons-recrutement.com\/en\/who-we-are\/","og_locale":"en_GB","og_type":"article","og_title":"[:fr]Our Story - Macarons Recruitment[:]","og_description":"[:fr]Learn about the story behind Macarons Recruitment, a specialized agency in hospitality and restaurant recruitment.[:]","og_url":"https:\/\/www.macarons-recrutement.com\/en\/who-we-are\/","og_site_name":"Macarons Recrutement","article_publisher":"https:\/\/www.facebook.com\/MacaronsRecrutement\/","article_modified_time":"2025-05-05T05:35:08+00:00","og_image":[{"width":500,"height":500,"url":"https:\/\/www.macarons-recrutement.com\/wp-content\/uploads\/2019\/06\/Alex-1-1.jpg","type":"image\/jpeg"}],"twitter_card":"summary_large_image","twitter_misc":{"Estimated reading time":"2 minutes"},"schema":{"@context":"https:\/\/schema.org","@graph":[{"@type":"WebPage","@id":"https:\/\/www.macarons-recrutement.com\/en\/who-we-are\/","url":"https:\/\/www.macarons-recrutement.com\/en\/who-we-are\/","name":"Our Story - Macarons Recruitment","isPartOf":{"@id":"https:\/\/www.macarons-recrutement.com\/#website"},"primaryImageOfPage":{"@id":"https:\/\/www.macarons-recrutement.com\/en\/who-we-are\/#primaryimage"},"image":{"@id":"https:\/\/www.macarons-recrutement.com\/en\/who-we-are\/#primaryimage"},"thumbnailUrl":"https:\/\/www.macarons-recrutement.com\/wp-content\/uploads\/2019\/06\/Alex-1-1.jpg","datePublished":"2019-07-01T10:10:37+00:00","dateModified":"2025-05-05T05:35:08+00:00","description":"Learn about the story behind Macarons Recruitment, a specialized agency in hospitality and restaurant recruitment.","breadcrumb":{"@id":"https:\/\/www.macarons-recrutement.com\/en\/who-we-are\/#breadcrumb"},"inLanguage":"en-GB","potentialAction":[{"@type":"ReadAction","target":["https:\/\/www.macarons-recrutement.com\/en\/who-we-are\/"]}]},{"@type":"ImageObject","inLanguage":"en-GB","@id":"https:\/\/www.macarons-recrutement.com\/en\/who-we-are\/#primaryimage","url":"https:\/\/www.macarons-recrutement.com\/wp-content\/uploads\/2019\/06\/Alex-1-1.jpg","contentUrl":"https:\/\/www.macarons-recrutement.com\/wp-content\/uploads\/2019\/06\/Alex-1-1.jpg"},{"@type":"BreadcrumbList","@id":"https:\/\/www.macarons-recrutement.com\/en\/who-we-are\/#breadcrumb","itemListElement":[{"@type":"ListItem","position":1,"name":"Accueil","item":"https:\/\/www.macarons-recrutement.com\/"},{"@type":"ListItem","position":2,"name":"Who We Are"}]},{"@type":"WebSite","@id":"https:\/\/www.macarons-recrutement.com\/#website","url":"https:\/\/www.macarons-recrutement.com\/","name":"Macarons Recrutement H\u00f4tels & Restaurants","description":"For hoteliers by hoteliers","publisher":{"@id":"https:\/\/www.macarons-recrutement.com\/#organization"},"alternateName":"Macarons Recrutement H\u00f4tels & Restaurants","potentialAction":[{"@type":"SearchAction","target":{"@type":"EntryPoint","urlTemplate":"https:\/\/www.macarons-recrutement.com\/?s={search_term_string}"},"query-input":{"@type":"PropertyValueSpecification","valueRequired":true,"valueName":"search_term_string"}}],"inLanguage":"en-GB"},{"@type":"Organization","@id":"https:\/\/www.macarons-recrutement.com\/#organization","name":"Macarons Recrutement H\u00f4tels & Restaurants","alternateName":"Macarons Recrutement H\u00f4tels & Restaurants","url":"https:\/\/www.macarons-recrutement.com\/","logo":{"@type":"ImageObject","inLanguage":"en-GB","@id":"https:\/\/www.macarons-recrutement.com\/#\/schema\/logo\/image\/","url":"https:\/\/www.macarons-recrutement.com\/wp-content\/uploads\/2019\/06\/logo-MACARON-recruitment-hospitality-industry.jpg","contentUrl":"https:\/\/www.macarons-recrutement.com\/wp-content\/uploads\/2019\/06\/logo-MACARON-recruitment-hospitality-industry.jpg","width":700,"height":329,"caption":"Macarons Recrutement H\u00f4tels & Restaurants"},"image":{"@id":"https:\/\/www.macarons-recrutement.com\/#\/schema\/logo\/image\/"},"sameAs":["https:\/\/www.facebook.com\/MacaronsRecrutement\/","https:\/\/www.instagram.com\/macaronsrecrutement\/?hl=fr","https:\/\/www.linkedin.com\/company\/macarons-hotels-restaurants-global-experts\/"]}]}},"_links":{"self":[{"href":"https:\/\/www.macarons-recrutement.com\/en\/wp-json\/wp\/v2\/pages\/31626"}],"collection":[{"href":"https:\/\/www.macarons-recrutement.com\/en\/wp-json\/wp\/v2\/pages"}],"about":[{"href":"https:\/\/www.macarons-recrutement.com\/en\/wp-json\/wp\/v2\/types\/page"}],"author":[{"embeddable":true,"href":"https:\/\/www.macarons-recrutement.com\/en\/wp-json\/wp\/v2\/users\/5"}],"replies":[{"embeddable":true,"href":"https:\/\/www.macarons-recrutement.com\/en\/wp-json\/wp\/v2\/comments?post=31626"}],"version-history":[{"count":0,"href":"https:\/\/www.macarons-recrutement.com\/en\/wp-json\/wp\/v2\/pages\/31626\/revisions"}],"wp:attachment":[{"href":"https:\/\/www.macarons-recrutement.com\/en\/wp-json\/wp\/v2\/media?parent=31626"}],"curies":[{"name":"wp","href":"https:\/\/api.w.org\/{rel}","templated":true}]}}